{"id":84,"date":"2021-04-21T15:16:57","date_gmt":"2021-04-21T13:16:57","guid":{"rendered":"https:\/\/kp-militaria.fr\/?post_type=product&#038;p=84"},"modified":"2022-06-16T09:42:19","modified_gmt":"2022-06-16T07:42:19","slug":"insigne-gc1-alsace-fabrication-damas","status":"publish","type":"product","link":"https:\/\/kp-militaria.fr\/index.php\/produit\/insigne-gc1-alsace-fabrication-damas\/","title":{"rendered":"Insigne GC1 &#8220;Alsace&#8221; fabrication Damas"},"content":{"rendered":"<p class=\"_28cEs\" data-hook=\"description\">Retirage de l&#8217;insigne du GC1 &#8220;Alsace&#8221; mod\u00e8le Damas<br \/>\nTirage 100 exemplaires. Il constituera le seul est unique tirage.<br \/>\nLivr\u00e9 dans un \u00e9crin estamp\u00e9 or.<br \/>\nNotre reproduction de l\u2019insigne du GC1r\u00e9pond \u00e0 deux soucis, au premier abord inconciliables : la qualit\u00e9 et la volont\u00e9 de ne pas produire des faux. Dans le but d&#8217;obtenir un insigne de qualit\u00e9 identique \u00e0 celle de l&#8217;original, il a \u00e9t\u00e9 r\u00e9alis\u00e9 en bronze et \u00e9mail \u00e0 chaud. Il reprend, jusqu&#8217;au d\u00e9faut du lys inf\u00e9rieur, le dessin du mod\u00e8le original, aujourd&#8217;hui mal-heureusement introuvable et hors de prix.<\/p>\n","protected":false},"excerpt":{"rendered":"<p>Retirage de l&#8217;insigne du GC1 &#8220;Alsace&#8221; mod\u00e8le Damas Tirage 100 exemplaires. Il constituera le seul est unique tirage. Livr\u00e9 dans un \u00e9crin estamp\u00e9 or. Notre reproduction de l\u2019insigne du GC1r\u00e9pond \u00e0 deux soucis, au premier abord inconciliables : la qualit\u00e9 et la volont\u00e9 de ne pas produire des faux. Dans le but d&#8217;obtenir un insigne [&hellip;]<\/p>\n","protected":false},"featured_media":85,"template":"","meta":{"om_disable_all_campaigns":false,"_monsterinsights_skip_tracking":false,"_monsterinsights_sitenote_active":false,"_monsterinsights_sitenote_note":"","_monsterinsights_sitenote_category":0,"spay_email":""},"product_cat":[17],"product_tag":[],"_links":{"self":[{"href":"https:\/\/kp-militaria.fr\/index.php\/wp-json\/wp\/v2\/product\/84"}],"collection":[{"href":"https:\/\/kp-militaria.fr\/index.php\/wp-json\/wp\/v2\/product"}],"about":[{"href":"https:\/\/kp-militaria.fr\/index.php\/wp-json\/wp\/v2\/types\/product"}],"wp:featuredmedia":[{"embeddable":true,"href":"https:\/\/kp-militaria.fr\/index.php\/wp-json\/wp\/v2\/media\/85"}],"wp:attachment":[{"href":"https:\/\/kp-militaria.fr\/index.php\/wp-json\/wp\/v2\/media?parent=84"}],"wp:term":[{"taxonomy":"product_cat","embeddable":true,"href":"https:\/\/kp-militaria.fr\/index.php\/wp-json\/wp\/v2\/product_cat?post=84"},{"taxonomy":"product_tag","embeddable":true,"href":"https:\/\/kp-militaria.fr\/index.php\/wp-json\/wp\/v2\/product_tag?post=84"}],"curies":[{"name":"wp","href":"https:\/\/api.w.org\/{rel}","templated":true}]}}