{"id":28,"date":"2022-05-10T15:55:11","date_gmt":"2022-05-10T13:55:11","guid":{"rendered":"https:\/\/kp-militaria.fr\/?post_type=product&#038;p=28"},"modified":"2022-06-16T09:39:42","modified_gmt":"2022-06-16T07:39:42","slug":"insigne-gc3-normandie-fabrication-levant","status":"publish","type":"product","link":"https:\/\/kp-militaria.fr\/index.php\/produit\/insigne-gc3-normandie-fabrication-levant\/","title":{"rendered":"insigne GC3 &#8220;Normandie&#8221; fabrication Levant"},"content":{"rendered":"","protected":false},"excerpt":{"rendered":"<p>Retirage comm\u00e9moratif de l&#8217;insigne du GC3 &#8220;Normandie&#8221; r\u00e9alis\u00e9 pour le 80\u00e9me anniversaire de la cr\u00e9ation de l&#8217;unit\u00e9.<br \/>\nTirage r\u00e9alis\u00e9 \u00e0 l&#8217;identique des fabrication Levant en argent, \u00e9mail \u00e0 chaud, tirage limit\u00e9 \u00e0 100 exemplaires.<\/p>\n","protected":false},"featured_media":29,"template":"","meta":{"om_disable_all_campaigns":false,"_monsterinsights_skip_tracking":false,"_monsterinsights_sitenote_active":false,"_monsterinsights_sitenote_note":"","_monsterinsights_sitenote_category":0,"spay_email":""},"product_cat":[17],"product_tag":[],"_links":{"self":[{"href":"https:\/\/kp-militaria.fr\/index.php\/wp-json\/wp\/v2\/product\/28"}],"collection":[{"href":"https:\/\/kp-militaria.fr\/index.php\/wp-json\/wp\/v2\/product"}],"about":[{"href":"https:\/\/kp-militaria.fr\/index.php\/wp-json\/wp\/v2\/types\/product"}],"wp:featuredmedia":[{"embeddable":true,"href":"https:\/\/kp-militaria.fr\/index.php\/wp-json\/wp\/v2\/media\/29"}],"wp:attachment":[{"href":"https:\/\/kp-militaria.fr\/index.php\/wp-json\/wp\/v2\/media?parent=28"}],"wp:term":[{"taxonomy":"product_cat","embeddable":true,"href":"https:\/\/kp-militaria.fr\/index.php\/wp-json\/wp\/v2\/product_cat?post=28"},{"taxonomy":"product_tag","embeddable":true,"href":"https:\/\/kp-militaria.fr\/index.php\/wp-json\/wp\/v2\/product_tag?post=28"}],"curies":[{"name":"wp","href":"https:\/\/api.w.org\/{rel}","templated":true}]}}