{"id":178,"date":"2022-06-23T11:54:03","date_gmt":"2022-06-23T09:54:03","guid":{"rendered":"https:\/\/kp-militaria.fr\/?post_type=product&#038;p=178"},"modified":"2022-07-12T16:34:20","modified_gmt":"2022-07-12T14:34:20","slug":"gb1-lorraine","status":"publish","type":"product","link":"https:\/\/kp-militaria.fr\/index.php\/produit\/gb1-lorraine\/","title":{"rendered":"GB1 Lorraine &#8211; 342nd Squadron"},"content":{"rendered":"<p>Retirage de l&#8217;insigne du 342 Squadron Lorraine.<\/p>\n<p>Tirage limit\u00e9 \u00e0 100 exemplaire num\u00e9rot\u00e9 de 001 \u00e0 099.<\/p>\n<p>\u00c9mail \u00e0 chaud, double finition vieil argent et or pour donn\u00e9e un aspect identique aux originaux dont la c\u00f4te se situe entre 800 et 1500 euros.<\/p>\n<p>Dimension 26 mm par 32 mm.<\/p>\n<p>Exp\u00e9dition le 20 juillet<\/p>\n","protected":false},"excerpt":{"rendered":"<p>Retirage de l&#8217;insigne du 342 Squadron Lorraine. Tirage limit\u00e9 \u00e0 100 exemplaire num\u00e9rot\u00e9 de 001 \u00e0 099. \u00c9mail \u00e0 chaud, double finition vieil argent et or pour donn\u00e9e un aspect identique aux originaux dont la c\u00f4te se situe entre 800 et 1500 euros. Dimension 26 mm par 32 mm. Exp\u00e9dition le 20 juillet<\/p>\n","protected":false},"featured_media":205,"template":"","meta":{"om_disable_all_campaigns":false,"_monsterinsights_skip_tracking":false,"_monsterinsights_sitenote_active":false,"_monsterinsights_sitenote_note":"","_monsterinsights_sitenote_category":0,"spay_email":""},"product_cat":[17,20],"product_tag":[],"_links":{"self":[{"href":"https:\/\/kp-militaria.fr\/index.php\/wp-json\/wp\/v2\/product\/178"}],"collection":[{"href":"https:\/\/kp-militaria.fr\/index.php\/wp-json\/wp\/v2\/product"}],"about":[{"href":"https:\/\/kp-militaria.fr\/index.php\/wp-json\/wp\/v2\/types\/product"}],"wp:featuredmedia":[{"embeddable":true,"href":"https:\/\/kp-militaria.fr\/index.php\/wp-json\/wp\/v2\/media\/205"}],"wp:attachment":[{"href":"https:\/\/kp-militaria.fr\/index.php\/wp-json\/wp\/v2\/media?parent=178"}],"wp:term":[{"taxonomy":"product_cat","embeddable":true,"href":"https:\/\/kp-militaria.fr\/index.php\/wp-json\/wp\/v2\/product_cat?post=178"},{"taxonomy":"product_tag","embeddable":true,"href":"https:\/\/kp-militaria.fr\/index.php\/wp-json\/wp\/v2\/product_tag?post=178"}],"curies":[{"name":"wp","href":"https:\/\/api.w.org\/{rel}","templated":true}]}}