{"id":152,"date":"2022-06-16T09:22:07","date_gmt":"2022-06-16T07:22:07","guid":{"rendered":"https:\/\/kp-militaria.fr\/?post_type=product&#038;p=152"},"modified":"2022-07-11T14:01:09","modified_gmt":"2022-07-11T12:01:09","slug":"insigne-du-gb-1-17-picardie-fabrication-levant","status":"publish","type":"product","link":"https:\/\/kp-militaria.fr\/index.php\/produit\/insigne-du-gb-1-17-picardie-fabrication-levant\/","title":{"rendered":"Insigne du GB 1\/17 Picardie, fabrication Levant"},"content":{"rendered":"<p>Retirage comm\u00e9moratif de l\u2019insigne du GB \u201c1\/17\u201d r\u00e9alis\u00e9 pour le 80\u00e9me anniversaire de la cr\u00e9ation de l\u2019unit\u00e9.<br \/>\nTirage r\u00e9alis\u00e9 \u00e0 l\u2019identique des fabrication Levant en argent, \u00e9mail \u00e0 chaud, tirage limit\u00e9 \u00e0 100 exemplaires.<\/p>\n<p>Le choix du num\u00e9ro est possible lors de la commande sous r\u00e9serve de disponibilit\u00e9.<\/p>\n<p><strong>\u00a0<\/strong><\/p>\n","protected":false},"excerpt":{"rendered":"<p>Retirage comm\u00e9moratif de l\u2019insigne du GB \u201c1\/17\u201d r\u00e9alis\u00e9 pour le 80\u00e9me anniversaire de la cr\u00e9ation de l\u2019unit\u00e9. Tirage r\u00e9alis\u00e9 \u00e0 l\u2019identique des fabrication Levant en argent, \u00e9mail \u00e0 chaud, tirage limit\u00e9 \u00e0 100 exemplaires. Le choix du num\u00e9ro est possible lors de la commande sous r\u00e9serve de disponibilit\u00e9. \u00a0<\/p>\n","protected":false},"featured_media":165,"template":"","meta":{"om_disable_all_campaigns":false,"_monsterinsights_skip_tracking":false,"_monsterinsights_sitenote_active":false,"_monsterinsights_sitenote_note":"","_monsterinsights_sitenote_category":0,"spay_email":""},"product_cat":[17],"product_tag":[],"_links":{"self":[{"href":"https:\/\/kp-militaria.fr\/index.php\/wp-json\/wp\/v2\/product\/152"}],"collection":[{"href":"https:\/\/kp-militaria.fr\/index.php\/wp-json\/wp\/v2\/product"}],"about":[{"href":"https:\/\/kp-militaria.fr\/index.php\/wp-json\/wp\/v2\/types\/product"}],"wp:featuredmedia":[{"embeddable":true,"href":"https:\/\/kp-militaria.fr\/index.php\/wp-json\/wp\/v2\/media\/165"}],"wp:attachment":[{"href":"https:\/\/kp-militaria.fr\/index.php\/wp-json\/wp\/v2\/media?parent=152"}],"wp:term":[{"taxonomy":"product_cat","embeddable":true,"href":"https:\/\/kp-militaria.fr\/index.php\/wp-json\/wp\/v2\/product_cat?post=152"},{"taxonomy":"product_tag","embeddable":true,"href":"https:\/\/kp-militaria.fr\/index.php\/wp-json\/wp\/v2\/product_tag?post=152"}],"curies":[{"name":"wp","href":"https:\/\/api.w.org\/{rel}","templated":true}]}}