{"id":73,"date":"2022-05-11T13:15:35","date_gmt":"2022-05-11T11:15:35","guid":{"rendered":"https:\/\/kp-militaria.fr\/?page_id=73"},"modified":"2022-07-29T12:44:29","modified_gmt":"2022-07-29T10:44:29","slug":"accueil","status":"publish","type":"page","link":"https:\/\/kp-militaria.fr\/","title":{"rendered":"Accueil"},"content":{"rendered":"\n<p>Tout commence avec cette planche issue du &#8220;Le Marec&#8221; pr\u00e9sentant les insignes des unit\u00e9s FAFL. Chacun des insignes d&#8217;unit\u00e9s pr\u00e9sent\u00e9s est devenu aujourd&#8217;hui rarissime et hors de prix. Pour permettre \u00e0 tout et chacun de compl\u00e9ter une s\u00e9rie d&#8217;insigne, un mannequin d&#8217;un pilote FAFL, une pr\u00e9sentation th\u00e9matique, nous avons d\u00e9cid\u00e9 de lancer un retirage de ces insignes devenus l\u00e9gendaires.<\/p>\n\n\n\n<div style=\"height:33px\" aria-hidden=\"true\" class=\"wp-block-spacer\"><\/div>\n\n\n\n<p class=\"has-text-align-center has-normal-font-size\"><strong>Cliquez sur les diff\u00e9rents insignes pour d\u00e9couvrir ceux que nous avons d\u00e9j\u00e0 r\u00e9\u00e9dit\u00e9s.<\/strong><\/p>\n\n\n\n<style>\n\t#hotspot-172 .hotspots-image-container,\n\t#hotspot-172 .leaflet-container {\n\t\tbackground: #000000\t}\n\n\t#hotspot-172 .hotspots-placeholder {\n\t\tbackground: #000000;\n\t\tborder: 0 #000000 solid;\n\t\tcolor: #DFEBE5;\n\t}\n\n\t#hotspot-172 .hotspot-title {\n\t\tcolor: #000000;\n\t}\n\n\t\t\t#hotspot-172 .hotspot-default {\n\t\t\tstroke-width: 2;\n\t\t\tfill: #ffffff;\n\t\t\tfill-opacity: 0;\n\t\t\tstroke: #ffffff;\n\t\t\tstroke-opacity: 0;\n\t\t}\n\t\t#hotspot-172 .hotspot-default:hover,\n\t\t#hotspot-172 .hotspot-default:focus,\n\t\t#hotspot-172 .hotspot-default.hotspot-active {\n\t\t\tfill: #3CA2A2;\n\t\t\tfill-opacity: 0.01;\n\t\t\tstroke: #235B6E;\n\t\t\tstroke-opacity: 0.01;\n\t\t}\n\t\t#hotspot-172 .leaflet-tooltip,\n\t#hotspot-172 .leaflet-rrose-content-wrapper {\n\t\tbackground: #000000;\n\t\tborder-color: #000000;\n\t\tcolor: #DFEBE5;\n\t}\n\n\t#hotspot-172 a.leaflet-rrose-close-button {\n\t\tcolor: #000000;\n\t}\n\n\t#hotspot-172 .leaflet-rrose-tip {\n\t\tbackground: #000000;\n\t}\n\n\t#hotspot-172 .leaflet-popup-scrolled {\n\t\tborder-bottom-color: #DFEBE5;\n\t\tborder-top-color: #DFEBE5;\n\t}\n\n\t#hotspot-172 .leaflet-tooltip-top:before {\n\t\tborder-top-color: #000000;\n\t}\n\n\t#hotspot-172 .leaflet-tooltip-bottom:before {\n\t\tborder-bottom-color: #000000;\n\t}\n\t#hotspot-172 .leaflet-tooltip-left:before {\n\t\tborder-left-color: #000000;\n\t}\n\t#hotspot-172 .leaflet-tooltip-right:before {\n\t\tborder-right-color: #000000;\n\t}\n<\/style>\n\n\n\t<div class=\"hotspots-container  layout-left event-click\" id=\"hotspot-172\" data-layout=\"left\" data-trigger=\"click\">\n\t\t<div class=\"hotspots-interaction\">\n\t\t\t\t<div class=\"hotspots-placeholder\" id=\"content-hotspot-172\">\n\t\t<div class=\"hotspot-initial\">\n\t\t\t\t\t\t\t\t\t<h2 class=\"hotspot-title\">\n\t\t\t\tPlanche Marec\t\t\t<\/h2>\n\t\t\t\t\t\t<div class=\"hotspot-content\">\n\t\t\t\t\t\t\t<\/div>\n\t\t<\/div>\n\t<\/div>\n<div class=\"hotspots-image-container\">\n\t<img\n\t\twidth=\"600\"\n\t\theight=\"823\"\n\t\tsrc=\"https:\/\/kp-militaria.fr\/wp-content\/uploads\/2022\/05\/thumbnail_pl4-e1655975360730.jpg\"\n\t\talt=\"Planche Marec\"\n\t\tclass=\"hotspots-image skip-lazy\"\n\t\tusemap=\"#hotspots-image-172\"\n\t\tdata-image-title=\"Planche Marec\"\n\t\tdata-image-description=\"\"\n\t\tdata-event-trigger=\"click\"\n\t\tdata-always-visible=\"false\"\n\t\tdata-id=\"172\"\n\t\tdata-no-lazy=\"1\"\n\t\tdata-lazy-src=\"\"\n\t\tdata-lazy=\"false\"\n\t\tloading=\"eager\"\n\t\tdata-skip-lazy=\"1\"\n\t\t>\n<\/div>\t\t<\/div>\n\t\t<map name=\"hotspots-image-172\" class=\"hotspots-map\">\n\t\t\t\t\t\t\t\t\t\t\t<area\n\t\t\t\t\tshape=\"poly\"\n\t\t\t\t\tcoords=\"12,330,57,330,58,374,51,379,43,380,36,384,30,383,23,381,17,380,12,375\"\n\t\t\t\t\thref=\"https:\/\/kp-militaria.fr\/index.php\/produit\/insigne-gc3-normandie-fabrication-levant\/\"\n\t\t\t\t\trel=\"\"\n\t\t\t\t\ttitle=\"GC3 Normandie\"\n\t\t\t\t\talt=\"GC3 Normandie\"\n\t\t\t\t\tdata-action=\"url\"\n\t\t\t\t\tdata-color-scheme=\"\"\n\t\t\t\t\ttarget=\"_new\"\n\t\t\t\t\tclass=\"url-area\"\n\t\t\t\t\t>\n\t\t\t\t\t\t\t\t\t\t\t<area\n\t\t\t\t\tshape=\"poly\"\n\t\t\t\t\tcoords=\"231,333,274,332,274,373,272,382,264,382,254,383,249,390,242,383,231,381,230,369\"\n\t\t\t\t\thref=\"https:\/\/kp-militaria.fr\/index.php\/produit\/insigne-340-squadron-ile-de-france\/https:\/\/kp-militaria.fr\/index.php\/produit\/insigne-340-squadron-ile-de-france\/\"\n\t\t\t\t\trel=\"\"\n\t\t\t\t\ttitle=\"340 Squadron &quot;\u00cele de France&quot;\"\n\t\t\t\t\talt=\"340 Squadron &quot;\u00cele de France&quot;\"\n\t\t\t\t\tdata-action=\"url\"\n\t\t\t\t\tdata-color-scheme=\"\"\n\t\t\t\t\ttarget=\"\"\n\t\t\t\t\tclass=\"url-area\"\n\t\t\t\t\t>\n\t\t\t\t\t\t\t\t\t\t\t<area\n\t\t\t\t\tshape=\"poly\"\n\t\t\t\t\tcoords=\"438,338,460,337,483,338,482,363,482,374,480,383,474,385,466,385,459,386,452,385,443,386,438,381,438,365\"\n\t\t\t\t\thref=\"https:\/\/kp-militaria.fr\/index.php\/produit\/insigne-du-gb-1-17-picardie-fabrication-levant\/\"\n\t\t\t\t\trel=\"\"\n\t\t\t\t\ttitle=\"GB 1\/18 &quot;Picardie&quot;\"\n\t\t\t\t\talt=\"GB 1\/18 &quot;Picardie&quot;\"\n\t\t\t\t\tdata-action=\"url\"\n\t\t\t\t\tdata-color-scheme=\"\"\n\t\t\t\t\ttarget=\"\"\n\t\t\t\t\tclass=\"url-area\"\n\t\t\t\t\t>\n\t\t\t\t\t\t\t\t\t\t\t<area\n\t\t\t\t\tshape=\"poly\"\n\t\t\t\t\tcoords=\"520,324,553,324,546,337,558,335,563,339,565,351,563,358,559,364,549,372,542,378,540,384,534,380,526,378,527,371,522,366,516,357,512,346,518,339,523,335,533,337\"\n\t\t\t\t\thref=\"#hotspot-hotspot-172-3\"\n\t\t\t\t\trel=\"\"\n\t\t\t\t\ttitle=\"GB 1\/17 &quot;Vend\u00e9e&quot;\"\n\t\t\t\t\talt=\"GB 1\/17 &quot;Vend\u00e9e&quot;\"\n\t\t\t\t\tdata-action=\"\"\n\t\t\t\t\tdata-color-scheme=\"\"\n\t\t\t\t\ttarget=\"\"\n\t\t\t\t\tclass=\"more-info-area\"\n\t\t\t\t\t>\n\t\t\t\t\t\t\t\t\t\t\t<area\n\t\t\t\t\tshape=\"poly\"\n\t\t\t\t\tcoords=\"297,229,341,230,340,270,339,276,334,280,327,282,322,286,316,285,308,281,302,280,296,272\"\n\t\t\t\t\thref=\"https:\/\/kp-militaria.fr\/index.php\/produit\/insigne-gc1-alsace-fabrication-damas\/\"\n\t\t\t\t\trel=\"\"\n\t\t\t\t\ttitle=\"GC1 &quot;Alsace&quot; Levant\"\n\t\t\t\t\talt=\"GC1 &quot;Alsace&quot; Levant\"\n\t\t\t\t\tdata-action=\"url\"\n\t\t\t\t\tdata-color-scheme=\"\"\n\t\t\t\t\ttarget=\"\"\n\t\t\t\t\tclass=\"url-area\"\n\t\t\t\t\t>\n\t\t\t\t\t\t\t\t\t\t\t<area\n\t\t\t\t\tshape=\"poly\"\n\t\t\t\t\tcoords=\"365,230,365,221,402,221,402,230,411,230,412,274,407,279,399,282,390,284,383,287,373,284,363,282,357,274,357,231\"\n\t\t\t\t\thref=\"https:\/\/kp-militaria.fr\/index.php\/produit\/insigne-gc1-alsace-modele-liberation\/https:\/\/kp-militaria.fr\/index.php\/produit\/insigne-gc1-alsace-modele-liberation\/\"\n\t\t\t\t\trel=\"\"\n\t\t\t\t\ttitle=\"GC1 &quot;Alsace&quot; Lib\u00e9ration\"\n\t\t\t\t\talt=\"GC1 &quot;Alsace&quot; Lib\u00e9ration\"\n\t\t\t\t\tdata-action=\"url\"\n\t\t\t\t\tdata-color-scheme=\"\"\n\t\t\t\t\ttarget=\"\"\n\t\t\t\t\tclass=\"url-area\"\n\t\t\t\t\t>\n\t\t\t\t\t\t\t\t\t\t\t<area\n\t\t\t\t\tshape=\"poly\"\n\t\t\t\t\tcoords=\"13,228,60,228,61,273,57,279,45,281,38,285,32,281,25,281,19,281,14,273\"\n\t\t\t\t\thref=\"https:\/\/kp-militaria.fr\/index.php\/produit\/gb1-lorraine\/\"\n\t\t\t\t\trel=\"\"\n\t\t\t\t\ttitle=\"GB1 &quot;Lorraine&quot; Levant\"\n\t\t\t\t\talt=\"GB1 &quot;Lorraine&quot; Levant\"\n\t\t\t\t\tdata-action=\"url\"\n\t\t\t\t\tdata-color-scheme=\"\"\n\t\t\t\t\ttarget=\"\"\n\t\t\t\t\tclass=\"url-area\"\n\t\t\t\t\t>\n\t\t\t\t\t<\/map>\n\n\t\t\n\t\t\t\t\t\t\t\t\t\t\t\t\t\t\n\t\t\t\t\t\t<div class=\"hotspot-info \" id=\"hotspot-hotspot-172-3\">\n\t\t\t\t\n\t\t\t\t<h2 class=\"hotspot-title\">GB 1\/17 &#8220;Vend\u00e9e&#8221;<\/h2>\t\t\t\t\t\t\t\t<div class=\"hotspot-content\">\n\t\t\t\t\t\t\t\t\t<\/div>\n\t\t\t<\/div>\n\t\t\t\t\t\t\t\t\t\t\t\t<\/div>\n\n\n\n\n<div style=\"height:100px\" aria-hidden=\"true\" class=\"wp-block-spacer\"><\/div>\n\n\n\n<p>Une question, une remarque, un probl\u00e8me technique contactez-nous  via l&#8217;adresse :  <strong>contact@kp-militataria.fr<\/strong>.<br>ou en cliquant ici : <\/p>\n\n\n\n<div class=\"wp-container-1 wp-block-buttons\">\n<div class=\"wp-block-button has-custom-font-size is-style-outline has-normal-font-size\"><a class=\"wp-block-button__link has-white-color has-black-background-color has-text-color has-background\" href=\"https:\/\/kp-militaria.fr\/index.php\/laissez-nous-un-message\/\" style=\"border-radius:23px\" target=\"_blank\" rel=\"noreferrer noopener\">contact<\/a><\/div>\n<\/div>\n","protected":false},"excerpt":{"rendered":"<p>Tout commence avec cette planche issue du &#8220;Le Marec&#8221; pr\u00e9sentant les insignes des unit\u00e9s FAFL. Chacun des insignes d&#8217;unit\u00e9s pr\u00e9sent\u00e9s est devenu aujourd&#8217;hui rarissime et hors de prix. Pour permettre \u00e0 tout et chacun de compl\u00e9ter une s\u00e9rie d&#8217;insigne, un mannequin d&#8217;un pilote FAFL, une pr\u00e9sentation th\u00e9matique, nous avons d\u00e9cid\u00e9 de lancer un retirage de [&hellip;]<\/p>\n","protected":false},"author":1,"featured_media":0,"parent":0,"menu_order":0,"comment_status":"closed","ping_status":"closed","template":"template-homepage.php","meta":{"om_disable_all_campaigns":false,"_monsterinsights_skip_tracking":false,"_monsterinsights_sitenote_active":false,"_monsterinsights_sitenote_note":"","_monsterinsights_sitenote_category":0,"spay_email":""},"_links":{"self":[{"href":"https:\/\/kp-militaria.fr\/index.php\/wp-json\/wp\/v2\/pages\/73"}],"collection":[{"href":"https:\/\/kp-militaria.fr\/index.php\/wp-json\/wp\/v2\/pages"}],"about":[{"href":"https:\/\/kp-militaria.fr\/index.php\/wp-json\/wp\/v2\/types\/page"}],"author":[{"embeddable":true,"href":"https:\/\/kp-militaria.fr\/index.php\/wp-json\/wp\/v2\/users\/1"}],"replies":[{"embeddable":true,"href":"https:\/\/kp-militaria.fr\/index.php\/wp-json\/wp\/v2\/comments?post=73"}],"version-history":[{"count":11,"href":"https:\/\/kp-militaria.fr\/index.php\/wp-json\/wp\/v2\/pages\/73\/revisions"}],"predecessor-version":[{"id":190,"href":"https:\/\/kp-militaria.fr\/index.php\/wp-json\/wp\/v2\/pages\/73\/revisions\/190"}],"wp:attachment":[{"href":"https:\/\/kp-militaria.fr\/index.php\/wp-json\/wp\/v2\/media?parent=73"}],"curies":[{"name":"wp","href":"https:\/\/api.w.org\/{rel}","templated":true}]}}